{"id":24980,"date":"2025-09-29T16:52:05","date_gmt":"2025-09-29T16:52:05","guid":{"rendered":"https:\/\/greenrealtymexico.com\/?page_id=24980"},"modified":"2025-10-08T20:15:46","modified_gmt":"2025-10-08T20:15:46","slug":"avances","status":"publish","type":"page","link":"https:\/\/greenrealtymexico.com\/es\/developments\/","title":{"rendered":"Desarrollos"},"content":{"rendered":"<div data-elementor-type=\"wp-page\" data-elementor-id=\"24980\" class=\"elementor elementor-24980\">\n\t\t\t\t<div class=\"elementor-element elementor-element-5855923 e-flex e-con-boxed e-con e-parent\" data-id=\"5855923\" data-element_type=\"container\" data-e-type=\"container\" data-settings=\"{&quot;background_background&quot;:&quot;gradient&quot;}\">\n\t\t\t\t\t<div class=\"e-con-inner\">\n\t\t\t\t<div class=\"elementor-element elementor-element-79a8e59 elementor-widget elementor-widget-heading\" data-id=\"79a8e59\" data-element_type=\"widget\" data-e-type=\"widget\" data-widget_type=\"heading.default\">\n\t\t\t\t\t<h2 class=\"elementor-heading-title elementor-size-default\">Desarrollos<\/h2>\t\t\t\t<\/div>\n\t\t\t\t\t<\/div>\n\t\t\t\t<\/div>\n\t\t<div class=\"elementor-element elementor-element-8899554 e-flex e-con-boxed e-con e-parent\" data-id=\"8899554\" data-element_type=\"container\" data-e-type=\"container\" data-settings=\"{&quot;background_background&quot;:&quot;classic&quot;}\">\n\t\t\t\t\t<div class=\"e-con-inner\">\n\t\t<div class=\"elementor-element elementor-element-66f95d2 e-con-full e-flex e-con e-child\" data-id=\"66f95d2\" data-element_type=\"container\" data-e-type=\"container\" data-settings=\"{&quot;background_background&quot;:&quot;classic&quot;}\">\n\t\t\t\t<\/div>\n\t\t\t\t\t<\/div>\n\t\t\t\t<\/div>\n\t\t<div class=\"elementor-element elementor-element-25c2e50 e-flex e-con-boxed e-con e-parent\" data-id=\"25c2e50\" data-element_type=\"container\" data-e-type=\"container\" data-settings=\"{&quot;background_background&quot;:&quot;classic&quot;}\">\n\t\t\t\t\t<div class=\"e-con-inner\">\n\t\t<div class=\"elementor-element elementor-element-d77a41f e-con-full e-flex e-con e-child\" data-id=\"d77a41f\" data-element_type=\"container\" data-e-type=\"container\">\n\t\t\t\t<div class=\"elementor-element elementor-element-78d2418 elementor-widget elementor-widget-heading\" data-id=\"78d2418\" data-element_type=\"widget\" data-e-type=\"widget\" data-widget_type=\"heading.default\">\n\t\t\t\t\t<h2 class=\"elementor-heading-title elementor-size-default\">Descubra un condominio de primera categor\u00eda <br>Desarrollos en Puerto Vallarta y m\u00e1s all\u00e1<\/h2>\t\t\t\t<\/div>\n\t\t<div class=\"elementor-element elementor-element-111424f e-con-full e-flex e-con e-child\" data-id=\"111424f\" data-element_type=\"container\" data-e-type=\"container\">\n\t\t\t\t<div class=\"elementor-element elementor-element-e585117 elementor-widget elementor-widget-text-editor\" data-id=\"e585117\" data-element_type=\"widget\" data-e-type=\"widget\" data-widget_type=\"text-editor.default\">\n\t\t\t\t\t\t\t\t\t<div class=\"elementor-element elementor-element-52aa327 elementor-widget elementor-widget-text-editor\" data-id=\"52aa327\" data-element_type=\"widget\" data-widget_type=\"text-editor.default\"><div class=\"elementor-widget-container\"><p>Cuando se trata de una vida de lujo y una inversi\u00f3n astuta, Puerto Vallarta y sus vibrantes alrededores en Bah\u00eda de Banderas ofrecen una excepcional cartera de desarrollos de condominios.<\/p><p>Seleccionamos meticulosamente s\u00f3lo lo mejor, centr\u00e1ndonos en proyectos que ofrecen servicios incomparables, acabados exquisitos y ubicaciones privilegiadas. Desde los sofisticados rascacielos frente al mar en la Zona Rom\u00e1ntica, que ofrecen impresionantes vistas al oc\u00e9ano y acceso inmediato a la vida urbana, hasta las serenas comunidades planificadas de Nuevo Vallarta y los exclusivos enclaves de Punta de Mita, cada desarrollo ofrece una propuesta de estilo de vida \u00fanica.<\/p><p>Con piscinas de estilo resort, gimnasios de \u00faltima generaci\u00f3n, servicios de conserjer\u00eda y dise\u00f1os sostenibles y bien pensados. Estas selectas propiedades no solo prometen una elevada experiencia de vida, sino tambi\u00e9n una fuerte revalorizaci\u00f3n del capital y un s\u00f3lido potencial de ingresos por alquiler, lo que garantiza que su inversi\u00f3n sea tan s\u00f3lida como espectacular.<\/p><\/div><\/div>\t\t\t\t\t\t\t\t<\/div>\n\t\t\t\t<\/div>\n\t\t\t\t<div class=\"elementor-element elementor-element-ba8d58f elementor-align-left elementor-invisible elementor-widget elementor-widget-button\" data-id=\"ba8d58f\" data-element_type=\"widget\" data-e-type=\"widget\" data-settings=\"{&quot;_animation&quot;:&quot;fadeIn&quot;}\" data-widget_type=\"button.default\">\n\t\t\t\t\t\t\t\t\t\t<a class=\"elementor-button elementor-button-link elementor-size-sm\" href=\"https:\/\/greenrealtymexico.com\/es\/contacto\/\">\n\t\t\t\t\t\t<span class=\"elementor-button-content-wrapper\">\n\t\t\t\t\t\t\t\t\t<span class=\"elementor-button-text\">P\u00f3ngase en contacto con nosotros<\/span>\n\t\t\t\t\t<\/span>\n\t\t\t\t\t<\/a>\n\t\t\t\t\t\t\t\t<\/div>\n\t\t\t\t<\/div>\n\t\t\t\t\t<\/div>\n\t\t\t\t<\/div>\n\t\t<div class=\"elementor-element elementor-element-d1f3721 e-grid e-con-boxed e-con e-child\" data-id=\"d1f3721\" data-element_type=\"container\" data-e-type=\"container\" data-settings=\"{&quot;background_background&quot;:&quot;classic&quot;}\">\n\t\t\t\t\t<div class=\"e-con-inner\">\n\t\t<div class=\"elementor-element elementor-element-adb9d5e e-con-full grid-card-link e-flex elementor-invisible e-con e-child\" data-id=\"adb9d5e\" data-element_type=\"container\" data-e-type=\"container\" data-settings=\"{&quot;background_background&quot;:&quot;gradient&quot;,&quot;animation&quot;:&quot;fadeIn&quot;}\">\n\t\t<div class=\"elementor-element elementor-element-1ec1840 e-con-full e-flex e-con e-child\" data-id=\"1ec1840\" data-element_type=\"container\" data-e-type=\"container\">\n\t\t\t\t<div class=\"elementor-element elementor-element-621362d elementor-view-framed elementor-shape-circle elementor-widget elementor-widget-icon\" data-id=\"621362d\" data-element_type=\"widget\" data-e-type=\"widget\" data-widget_type=\"icon.default\">\n\t\t\t\t\t\t\t<div class=\"elementor-icon-wrapper\">\n\t\t\t<a class=\"elementor-icon\" href=\"https:\/\/greenrealtymexico.com\/es\/gia\/\">\n\t\t\t<svg xmlns=\"http:\/\/www.w3.org\/2000\/svg\" xmlns:xlink=\"http:\/\/www.w3.org\/1999\/xlink\" class=\"qodef-svg--button-arrow\" x=\"0px\" y=\"0px\" width=\"9px\" height=\"9px\" viewbox=\"0 0 9 9\" style=\"enable-background:new 0 0 9 9; fill:currentColor;\" xml:space=\"preserve\"><path d=\"M8,9V1.8L0.9,8.8L0.2,8.1L7.3,1H0V0h9v9H8z\"><\/path><path d=\"M8,9V1.8L0.9,8.8L0.2,8.1L7.3,1H0V0h9v9H8z\"><\/path><\/svg>\t\t\t<\/a>\n\t\t<\/div>\n\t\t\t\t\t\t<\/div>\n\t\t\t\t<\/div>\n\t\t\t\t<\/div>\n\t\t<div class=\"elementor-element elementor-element-0a0fa22 e-con-full grid-card-link e-flex elementor-invisible e-con e-child\" data-id=\"0a0fa22\" data-element_type=\"container\" data-e-type=\"container\" data-settings=\"{&quot;background_background&quot;:&quot;gradient&quot;,&quot;animation&quot;:&quot;fadeIn&quot;}\">\n\t\t<div class=\"elementor-element elementor-element-366c6e4 e-con-full e-flex e-con e-child\" data-id=\"366c6e4\" data-element_type=\"container\" data-e-type=\"container\">\n\t\t\t\t<div class=\"elementor-element elementor-element-4083ebd elementor-view-framed elementor-shape-circle elementor-widget elementor-widget-icon\" data-id=\"4083ebd\" data-element_type=\"widget\" data-e-type=\"widget\" data-widget_type=\"icon.default\">\n\t\t\t\t\t\t\t<div class=\"elementor-icon-wrapper\">\n\t\t\t<a class=\"elementor-icon\" href=\"https:\/\/greenrealtymexico.com\/es\/matiari\/\">\n\t\t\t<svg xmlns=\"http:\/\/www.w3.org\/2000\/svg\" xmlns:xlink=\"http:\/\/www.w3.org\/1999\/xlink\" class=\"qodef-svg--button-arrow\" x=\"0px\" y=\"0px\" width=\"9px\" height=\"9px\" viewbox=\"0 0 9 9\" style=\"enable-background:new 0 0 9 9; fill:currentColor;\" xml:space=\"preserve\"><path d=\"M8,9V1.8L0.9,8.8L0.2,8.1L7.3,1H0V0h9v9H8z\"><\/path><path d=\"M8,9V1.8L0.9,8.8L0.2,8.1L7.3,1H0V0h9v9H8z\"><\/path><\/svg>\t\t\t<\/a>\n\t\t<\/div>\n\t\t\t\t\t\t<\/div>\n\t\t\t\t<\/div>\n\t\t\t\t<\/div>\n\t\t<div class=\"elementor-element elementor-element-24acd4b e-con-full grid-card-link e-flex elementor-invisible e-con e-child\" data-id=\"24acd4b\" data-element_type=\"container\" data-e-type=\"container\" data-settings=\"{&quot;background_background&quot;:&quot;classic&quot;,&quot;animation&quot;:&quot;fadeIn&quot;}\">\n\t\t<div class=\"elementor-element elementor-element-de2d15b e-con-full e-flex e-con e-child\" data-id=\"de2d15b\" data-element_type=\"container\" data-e-type=\"container\">\n\t\t\t\t<div class=\"elementor-element elementor-element-21b8906 elementor-view-framed elementor-shape-circle elementor-widget elementor-widget-icon\" data-id=\"21b8906\" data-element_type=\"widget\" data-e-type=\"widget\" data-widget_type=\"icon.default\">\n\t\t\t\t\t\t\t<div class=\"elementor-icon-wrapper\">\n\t\t\t<a class=\"elementor-icon\" href=\"https:\/\/greenrealtymexico.com\/es\/ciane\/\">\n\t\t\t<svg xmlns=\"http:\/\/www.w3.org\/2000\/svg\" xmlns:xlink=\"http:\/\/www.w3.org\/1999\/xlink\" class=\"qodef-svg--button-arrow\" x=\"0px\" y=\"0px\" width=\"9px\" height=\"9px\" viewbox=\"0 0 9 9\" style=\"enable-background:new 0 0 9 9; fill:currentColor;\" xml:space=\"preserve\"><path d=\"M8,9V1.8L0.9,8.8L0.2,8.1L7.3,1H0V0h9v9H8z\"><\/path><path d=\"M8,9V1.8L0.9,8.8L0.2,8.1L7.3,1H0V0h9v9H8z\"><\/path><\/svg>\t\t\t<\/a>\n\t\t<\/div>\n\t\t\t\t\t\t<\/div>\n\t\t\t\t<\/div>\n\t\t\t\t<\/div>\n\t\t\t\t\t<\/div>\n\t\t\t\t<\/div>\n\t\t<div class=\"elementor-element elementor-element-93e18eb e-grid e-con-boxed e-con e-child\" data-id=\"93e18eb\" data-element_type=\"container\" data-e-type=\"container\" data-settings=\"{&quot;background_background&quot;:&quot;classic&quot;}\">\n\t\t\t\t\t<div class=\"e-con-inner\">\n\t\t<div class=\"elementor-element elementor-element-5e56c96 e-con-full grid-card-link e-flex elementor-invisible e-con e-child\" data-id=\"5e56c96\" data-element_type=\"container\" data-e-type=\"container\" data-settings=\"{&quot;background_background&quot;:&quot;gradient&quot;,&quot;animation&quot;:&quot;fadeIn&quot;}\">\n\t\t<div class=\"elementor-element elementor-element-bef35d1 e-con-full e-flex e-con e-child\" data-id=\"bef35d1\" data-element_type=\"container\" data-e-type=\"container\">\n\t\t\t\t<div class=\"elementor-element elementor-element-9094e99 elementor-view-framed elementor-shape-circle elementor-widget elementor-widget-icon\" data-id=\"9094e99\" data-element_type=\"widget\" data-e-type=\"widget\" data-widget_type=\"icon.default\">\n\t\t\t\t\t\t\t<div class=\"elementor-icon-wrapper\">\n\t\t\t<a class=\"elementor-icon\" href=\"https:\/\/greenrealtymexico.com\/es\/batros\/\">\n\t\t\t<svg xmlns=\"http:\/\/www.w3.org\/2000\/svg\" xmlns:xlink=\"http:\/\/www.w3.org\/1999\/xlink\" class=\"qodef-svg--button-arrow\" x=\"0px\" y=\"0px\" width=\"9px\" height=\"9px\" viewbox=\"0 0 9 9\" style=\"enable-background:new 0 0 9 9; fill:currentColor;\" xml:space=\"preserve\"><path d=\"M8,9V1.8L0.9,8.8L0.2,8.1L7.3,1H0V0h9v9H8z\"><\/path><path d=\"M8,9V1.8L0.9,8.8L0.2,8.1L7.3,1H0V0h9v9H8z\"><\/path><\/svg>\t\t\t<\/a>\n\t\t<\/div>\n\t\t\t\t\t\t<\/div>\n\t\t\t\t<\/div>\n\t\t\t\t<\/div>\n\t\t<div class=\"elementor-element elementor-element-4af340d e-con-full grid-card-link e-flex elementor-invisible e-con e-child\" data-id=\"4af340d\" data-element_type=\"container\" data-e-type=\"container\" data-settings=\"{&quot;background_background&quot;:&quot;gradient&quot;,&quot;animation&quot;:&quot;fadeIn&quot;}\">\n\t\t<div class=\"elementor-element elementor-element-81ce079 e-con-full e-flex e-con e-child\" data-id=\"81ce079\" data-element_type=\"container\" data-e-type=\"container\">\n\t\t\t\t<div class=\"elementor-element elementor-element-4d57cc5 elementor-view-framed elementor-shape-circle elementor-widget elementor-widget-icon\" data-id=\"4d57cc5\" data-element_type=\"widget\" data-e-type=\"widget\" data-widget_type=\"icon.default\">\n\t\t\t\t\t\t\t<div class=\"elementor-icon-wrapper\">\n\t\t\t<a class=\"elementor-icon\" href=\"https:\/\/greenrealtymexico.com\/es\/koralion\/\">\n\t\t\t<svg xmlns=\"http:\/\/www.w3.org\/2000\/svg\" xmlns:xlink=\"http:\/\/www.w3.org\/1999\/xlink\" class=\"qodef-svg--button-arrow\" x=\"0px\" y=\"0px\" width=\"9px\" height=\"9px\" viewbox=\"0 0 9 9\" style=\"enable-background:new 0 0 9 9; fill:currentColor;\" xml:space=\"preserve\"><path d=\"M8,9V1.8L0.9,8.8L0.2,8.1L7.3,1H0V0h9v9H8z\"><\/path><path d=\"M8,9V1.8L0.9,8.8L0.2,8.1L7.3,1H0V0h9v9H8z\"><\/path><\/svg>\t\t\t<\/a>\n\t\t<\/div>\n\t\t\t\t\t\t<\/div>\n\t\t\t\t<\/div>\n\t\t\t\t<\/div>\n\t\t<div class=\"elementor-element elementor-element-1dbd541 e-con-full grid-card-link e-flex elementor-invisible e-con e-child\" data-id=\"1dbd541\" data-element_type=\"container\" data-e-type=\"container\" data-settings=\"{&quot;background_background&quot;:&quot;classic&quot;,&quot;animation&quot;:&quot;fadeIn&quot;}\">\n\t\t<div class=\"elementor-element elementor-element-b7df29b e-con-full e-flex e-con e-child\" data-id=\"b7df29b\" data-element_type=\"container\" data-e-type=\"container\">\n\t\t\t\t<div class=\"elementor-element elementor-element-4877f43 elementor-view-framed elementor-shape-circle elementor-widget elementor-widget-icon\" data-id=\"4877f43\" data-element_type=\"widget\" data-e-type=\"widget\" data-widget_type=\"icon.default\">\n\t\t\t\t\t\t\t<div class=\"elementor-icon-wrapper\">\n\t\t\t<a class=\"elementor-icon\" href=\"https:\/\/greenrealtymexico.com\/es\/alana\/\">\n\t\t\t<svg xmlns=\"http:\/\/www.w3.org\/2000\/svg\" xmlns:xlink=\"http:\/\/www.w3.org\/1999\/xlink\" class=\"qodef-svg--button-arrow\" x=\"0px\" y=\"0px\" width=\"9px\" height=\"9px\" viewbox=\"0 0 9 9\" style=\"enable-background:new 0 0 9 9; fill:currentColor;\" xml:space=\"preserve\"><path d=\"M8,9V1.8L0.9,8.8L0.2,8.1L7.3,1H0V0h9v9H8z\"><\/path><path d=\"M8,9V1.8L0.9,8.8L0.2,8.1L7.3,1H0V0h9v9H8z\"><\/path><\/svg>\t\t\t<\/a>\n\t\t<\/div>\n\t\t\t\t\t\t<\/div>\n\t\t\t\t<\/div>\n\t\t\t\t<\/div>\n\t\t\t\t\t<\/div>\n\t\t\t\t<\/div>\n\t\t<div class=\"elementor-element elementor-element-adc7cbb e-flex e-con-boxed e-con e-parent\" data-id=\"adc7cbb\" data-element_type=\"container\" data-e-type=\"container\" data-settings=\"{&quot;background_background&quot;:&quot;gradient&quot;}\">\n\t\t\t\t\t<div class=\"e-con-inner\">\n\t\t<div class=\"elementor-element elementor-element-ce5fb1f e-flex e-con-boxed e-con e-child\" data-id=\"ce5fb1f\" data-element_type=\"container\" data-e-type=\"container\">\n\t\t\t\t\t<div class=\"e-con-inner\">\n\t\t<div class=\"elementor-element elementor-element-b14d906 e-con-full e-flex e-con e-child\" data-id=\"b14d906\" data-element_type=\"container\" data-e-type=\"container\">\n\t\t\t\t<div class=\"elementor-element elementor-element-ff3d990 elementor-widget elementor-widget-heading\" data-id=\"ff3d990\" data-element_type=\"widget\" data-e-type=\"widget\" data-widget_type=\"heading.default\">\n\t\t\t\t\t<h2 class=\"elementor-heading-title elementor-size-default\">Con\u00e9ctese con nosotros<\/h2>\t\t\t\t<\/div>\n\t\t\t\t<div class=\"elementor-element elementor-element-cc09361 elementor-widget elementor-widget-text-editor\" data-id=\"cc09361\" data-element_type=\"widget\" data-e-type=\"widget\" data-widget_type=\"text-editor.default\">\n\t\t\t\t\t\t\t\t\t<p>Se nos reconoce por superar las expectativas de los clientes y ofrecer grandes resultados.<\/p>\t\t\t\t\t\t\t\t<\/div>\n\t\t\t\t<div class=\"elementor-element elementor-element-23e3a6b elementor-button-align-start elementor-widget elementor-widget-WpResidence_Contact_Form_Builder\" data-id=\"23e3a6b\" data-element_type=\"widget\" data-e-type=\"widget\" data-widget_type=\"WpResidence_Contact_Form_Builder.default\">\n\t\t\t\t<div class=\"elementor-widget-container\">\n\t\t\t\t\t\n\n\n\n\n        <form class=\"elementor-form wpresidence_elementor_form wpestate_contact_form_parent\"  id=\"wpresidence-elementor-form-23e3a6b\" method=\"post\" action=\"\" >\n            <div class=\"alert-box error\">\n                <div class=\"alert-message\" id=\"alert-agent-contact\"><\/div>\n            <\/div>\n            <input name=\"prop_id\" type=\"hidden\"  id=\"agent_property_id\" value=\"\">\n            <input name=\"prop_id\" type=\"hidden\"  id=\"agent_id\" value=\"\">\n            <input name=\"prop_id\" type=\"hidden\"  id=\"contact_form_elementor\" value=\"1\">\n            <input type=\"hidden\" name=\"contact_ajax_nonce\" id=\"agent_property_ajax_nonce\"  value=\"0591ca4f39\" \/>\n\n            \n            \n            <input type=\"hidden\" id=\"wpresidence_form_id\" name=\"wpresidence_form_id\" value=\"wpresidence_form_9694\" \/>\n        \n            <input type=\"hidden\" id=\"elementor_email_subject\" name=\"email_suject\" value=\"New email from Home\" \/>\n\n\n            <div class=\"elementor-form-fields-wrapper elementor-labels-above\">\n        <div class=\"elementor-field-group elementor-column form-group elementor-field-group-name elementor-field-required elementor-col-50\"><label for=\"form-field-name\" class=\"elementor-field-label\">Nombre<\/label><input type=\"text\" name=\"first_name\" id=\"form-field-name\" class=\"elementor-field form-control elementor-size-xs elementor-field-textual\" required=\"required\"><\/div><div class=\"elementor-field-group elementor-column form-group elementor-field-group-aa45566 elementor-field-required elementor-col-50\"><label for=\"form-field-aa45566\" class=\"elementor-field-label\">Apellido*<\/label><input type=\"text\" name=\"last_name\" id=\"form-field-aa45566\" class=\"elementor-field form-control elementor-size-xs elementor-field-textual\" required=\"required\"><\/div><div class=\"elementor-field-group elementor-column form-group elementor-field-group-email elementor-field-required elementor-col-50\"><label for=\"form-field-email\" class=\"elementor-field-label\">Correo electr\u00f3nico<\/label><input type=\"email\" name=\"email\" id=\"form-field-email\" class=\"elementor-field form-control elementor-size-xs elementor-field-textual\" required=\"required\"><\/div><div class=\"elementor-field-group elementor-column form-group elementor-field-group-ecf7c11 elementor-field-required elementor-col-50\"><label for=\"form-field-ecf7c11\" class=\"elementor-field-label\">M\u00f3vil<\/label><input type=\"text\" name=\"mobile\" id=\"form-field-ecf7c11\" class=\"elementor-field form-control elementor-size-xs elementor-field-textual\" required=\"required\"><\/div><div class=\"elementor-field-group elementor-column form-group elementor-field-group-message elementor-col-100\"><label for=\"form-field-message\" class=\"elementor-field-label\">Mensaje<\/label><textarea class=\"form-control elementor-field-textual elementor-field elementor-size-xs\" name=\"message\" id=\"form-field-message\" rows=\"4\"><\/textarea><\/div>\n                <div class=\"elementor-field-group elementor-column elementor-field-type-submit elementor-col-50 elementor-md-100\">\n        <div class=\"gpr_wrapper\"><input type=\"checkbox\"  role=\"checkbox\" aria-checked=\"false\" id=\"wpestate_agree_gdpr\" class=\"wpestate_agree_gdpr\" name=\"wpestate_agree_gdpr\" \/>\n                    <label for=\"wpestate_agree_gdpr\"><a target=\"_blank\" href=\"https:\/\/greenrealtymexico.com\/es\/\">Acepto la pol\u00edtica de privacidad<\/a><\/label><\/div>\n\t\t\t\t\t\t\t\t\t\t\t\t                    <button type=\"submit\" class=\"agent_submit_class_elementor wpresidence_button wpresidence_button_elementor elementor-button elementor-size-md\">\n                    Enviar correo electr\u00f3nico                            <\/button>\n\n                <\/div>\n            <\/div>\n\n\n\n        <input type=\"hidden\" name=\"trp-form-language\" value=\"es\"\/><\/form>\n\n\n\n\n        \t\t\t\t<\/div>\n\t\t\t\t<\/div>\n\t\t\t\t<\/div>\n\t\t<div class=\"elementor-element elementor-element-5079d92 e-con-full e-flex elementor-invisible e-con e-child\" data-id=\"5079d92\" data-element_type=\"container\" data-e-type=\"container\" data-settings=\"{&quot;background_background&quot;:&quot;gradient&quot;,&quot;animation&quot;:&quot;fadeIn&quot;}\">\n\t\t\t\t<\/div>\n\t\t<div class=\"elementor-element elementor-element-1fd4460 e-con-full e-flex elementor-invisible e-con e-child\" data-id=\"1fd4460\" data-element_type=\"container\" data-e-type=\"container\" data-settings=\"{&quot;background_background&quot;:&quot;gradient&quot;,&quot;animation&quot;:&quot;fadeIn&quot;}\">\n\t\t\t\t<\/div>\n\t\t\t\t\t<\/div>\n\t\t\t\t<\/div>\n\t\t\t\t\t<\/div>\n\t\t\t\t<\/div>\n\t\t\t\t<\/div>","protected":false},"excerpt":{"rendered":"<p>Developments Discover Top-Tier Condominium Developments in Puerto Vallarta &amp; Beyond When it comes to luxury living and astute investment, Puerto Vallarta and its vibrant surroundings in Bah\u00eda de Banderas offer an exceptional portfolio of condominium developments. We meticulously select only the finest, focusing on projects that deliver unparalleled amenities, exquisite finishes, and prime locations. From the sophisticated beachfront high-rises in the Romantic Zone offering &#8230;<\/p>","protected":false},"author":1,"featured_media":0,"parent":0,"menu_order":0,"comment_status":"closed","ping_status":"closed","template":"elementor_header_footer","meta":{"inline_featured_image":false,"footnotes":""},"class_list":["post-24980","page","type-page","status-publish","hentry"],"_links":{"self":[{"href":"https:\/\/greenrealtymexico.com\/es\/wp-json\/wp\/v2\/pages\/24980","targetHints":{"allow":["GET"]}}],"collection":[{"href":"https:\/\/greenrealtymexico.com\/es\/wp-json\/wp\/v2\/pages"}],"about":[{"href":"https:\/\/greenrealtymexico.com\/es\/wp-json\/wp\/v2\/types\/page"}],"author":[{"embeddable":true,"href":"https:\/\/greenrealtymexico.com\/es\/wp-json\/wp\/v2\/users\/1"}],"replies":[{"embeddable":true,"href":"https:\/\/greenrealtymexico.com\/es\/wp-json\/wp\/v2\/comments?post=24980"}],"version-history":[{"count":28,"href":"https:\/\/greenrealtymexico.com\/es\/wp-json\/wp\/v2\/pages\/24980\/revisions"}],"predecessor-version":[{"id":26074,"href":"https:\/\/greenrealtymexico.com\/es\/wp-json\/wp\/v2\/pages\/24980\/revisions\/26074"}],"wp:attachment":[{"href":"https:\/\/greenrealtymexico.com\/es\/wp-json\/wp\/v2\/media?parent=24980"}],"curies":[{"name":"wp","href":"https:\/\/api.w.org\/{rel}","templated":true}]}}