{"id":25522,"date":"2025-10-03T22:34:03","date_gmt":"2025-10-03T22:34:03","guid":{"rendered":"https:\/\/greenrealtymexico.com\/?page_id=25522"},"modified":"2025-10-23T19:59:06","modified_gmt":"2025-10-23T19:59:06","slug":"nuestros-servicios","status":"publish","type":"page","link":"https:\/\/greenrealtymexico.com\/es\/our-services\/","title":{"rendered":"Nuestros servicios"},"content":{"rendered":"<div data-elementor-type=\"wp-page\" data-elementor-id=\"25522\" class=\"elementor elementor-25522\">\n\t\t\t\t<div class=\"elementor-element elementor-element-5855923 e-flex e-con-boxed e-con e-parent\" data-id=\"5855923\" data-element_type=\"container\" data-e-type=\"container\" data-settings=\"{&quot;background_background&quot;:&quot;gradient&quot;}\">\n\t\t\t\t\t<div class=\"e-con-inner\">\n\t\t\t\t<div class=\"elementor-element elementor-element-79a8e59 elementor-widget elementor-widget-heading\" data-id=\"79a8e59\" data-element_type=\"widget\" data-e-type=\"widget\" data-widget_type=\"heading.default\">\n\t\t\t\t\t<h2 class=\"elementor-heading-title elementor-size-default\">Nuestros servicios<\/h2>\t\t\t\t<\/div>\n\t\t\t\t\t<\/div>\n\t\t\t\t<\/div>\n\t\t<div class=\"elementor-element elementor-element-8899554 e-flex e-con-boxed e-con e-parent\" data-id=\"8899554\" data-element_type=\"container\" data-e-type=\"container\" data-settings=\"{&quot;background_background&quot;:&quot;classic&quot;}\">\n\t\t\t\t\t<div class=\"e-con-inner\">\n\t\t<div class=\"elementor-element elementor-element-66f95d2 e-con-full e-flex e-con e-child\" data-id=\"66f95d2\" data-element_type=\"container\" data-e-type=\"container\" data-settings=\"{&quot;background_background&quot;:&quot;classic&quot;}\">\n\t\t\t\t<\/div>\n\t\t\t\t\t<\/div>\n\t\t\t\t<\/div>\n\t\t<div class=\"elementor-element elementor-element-25c2e50 e-flex e-con-boxed e-con e-parent\" data-id=\"25c2e50\" data-element_type=\"container\" data-e-type=\"container\" data-settings=\"{&quot;background_background&quot;:&quot;classic&quot;}\">\n\t\t\t\t\t<div class=\"e-con-inner\">\n\t\t<div class=\"elementor-element elementor-element-d77a41f e-con-full e-flex e-con e-child\" data-id=\"d77a41f\" data-element_type=\"container\" data-e-type=\"container\">\n\t\t\t\t<div class=\"elementor-element elementor-element-78d2418 elementor-widget elementor-widget-heading\" data-id=\"78d2418\" data-element_type=\"widget\" data-e-type=\"widget\" data-widget_type=\"heading.default\">\n\t\t\t\t\t<h2 class=\"elementor-heading-title elementor-size-default\">Nuestra amplia experiencia<\/h2>\t\t\t\t<\/div>\n\t\t<div class=\"elementor-element elementor-element-111424f e-con-full e-flex e-con e-child\" data-id=\"111424f\" data-element_type=\"container\" data-e-type=\"container\">\n\t\t\t\t<div class=\"elementor-element elementor-element-e585117 elementor-widget elementor-widget-text-editor\" data-id=\"e585117\" data-element_type=\"widget\" data-e-type=\"widget\" data-widget_type=\"text-editor.default\">\n\t\t\t\t\t\t\t\t\tGreen Realty M\u00e9xico es una agencia inmobiliaria de servicio completo dedicada a proporcionar apoyo excepcional y experiencia tanto a compradores como a vendedores en todo el mercado inmobiliario de Bah\u00eda Vallarta y Bah\u00eda de Banderas. Vamos m\u00e1s all\u00e1 de las agencias tradicionales para asegurar una transacci\u00f3n sin problemas, exitosa y libre de estr\u00e9s para cada cliente.\t\t\t\t\t\t\t\t<\/div>\n\t\t\t\t<\/div>\n\t\t\t\t<\/div>\n\t\t\t\t\t<\/div>\n\t\t\t\t<\/div>\n\t\t<div class=\"elementor-element elementor-element-5dd10c2 e-flex e-con-boxed e-con e-parent\" data-id=\"5dd10c2\" data-element_type=\"container\" data-e-type=\"container\">\n\t\t\t\t\t<div class=\"e-con-inner\">\n\t\t<div class=\"elementor-element elementor-element-9b17d62 e-con-full e-flex e-con e-child\" data-id=\"9b17d62\" data-element_type=\"container\" data-e-type=\"container\">\n\t\t\t\t<div class=\"elementor-element elementor-element-a154477 elementor-widget elementor-widget-heading\" data-id=\"a154477\" data-element_type=\"widget\" data-e-type=\"widget\" data-widget_type=\"heading.default\">\n\t\t\t\t\t<h2 class=\"elementor-heading-title elementor-size-default\">Para vendedores<\/h2>\t\t\t\t<\/div>\n\t\t\t\t<div class=\"elementor-element elementor-element-98ca580 elementor-widget elementor-widget-text-editor\" data-id=\"98ca580\" data-element_type=\"widget\" data-e-type=\"widget\" data-widget_type=\"text-editor.default\">\n\t\t\t\t\t\t\t\t\t<ul><li><strong>Valoraci\u00f3n de propiedades y an\u00e1lisis de mercado:<\/strong> Realizamos un an\u00e1lisis exhaustivo del mercado para determinar el precio \u00f3ptimo de venta de su propiedad, maximizando su potencial en el mercado actual.<\/li><li><strong>Marketing y publicidad profesionales:<\/strong> Empleamos una estrategia de marketing multifac\u00e9tica para mostrar su propiedad a una amplia audiencia de compradores cualificados, incluyendo listados en l\u00ednea, campa\u00f1as en redes sociales y publicidad dirigida.<\/li><li><strong>Negociaci\u00f3n y gesti\u00f3n de contratos:<\/strong> Nuestros experimentados agentes negocian con pericia en su nombre para garantizar las mejores condiciones posibles y sortear las complejidades del acuerdo de compraventa.<\/li><li><strong>Representaci\u00f3n del vendedor:<\/strong> Actuamos como su defensor dedicado durante todo el proceso de venta, proporcionando orientaci\u00f3n y apoyo expertos para proteger sus intereses y alcanzar sus objetivos.<\/li><li><strong>Nuestro servicio de atenci\u00f3n al vendedor destacado:<\/strong> Como parte de nuestro compromiso de presentar su propiedad en su mejor luz, ofrecemos <strong>fotograf\u00eda profesional<\/strong> para captar im\u00e1genes impactantes que atraigan a m\u00e1s compradores. Adem\u00e1s, incluimos un <strong>coordinador de cierre especializado<\/strong> como parte de nuestro servicio sin coste adicional. Nuestro coordinador trabaja con todas las partes para asegurar que todo el papeleo se completa y se entrega a todas las partes sin problemas para una venta sin problemas.<\/li><\/ul>\t\t\t\t\t\t\t\t<\/div>\n\t\t\t\t<\/div>\n\t\t<div class=\"elementor-element elementor-element-8dc0a1c e-con-full e-flex elementor-invisible e-con e-child\" data-id=\"8dc0a1c\" data-element_type=\"container\" data-e-type=\"container\" data-settings=\"{&quot;animation&quot;:&quot;fadeInRight&quot;}\">\n\t\t\t\t<div class=\"elementor-element elementor-element-7b7ec45 elementor-widget elementor-widget-image\" data-id=\"7b7ec45\" data-element_type=\"widget\" data-e-type=\"widget\" data-widget_type=\"image.default\">\n\t\t\t\t\t\t\t\t\t\t\t\t\t\t\t<img fetchpriority=\"high\" decoding=\"async\" width=\"1024\" height=\"1024\" src=\"https:\/\/greenrealtymexico.com\/wp-content\/uploads\/2025\/10\/OurServices_Seller-1024x1024.webp\" class=\"attachment-large size-large wp-image-25525\" alt=\"\" srcset=\"https:\/\/greenrealtymexico.com\/wp-content\/uploads\/2025\/10\/OurServices_Seller-1024x1024.webp 1024w, https:\/\/greenrealtymexico.com\/wp-content\/uploads\/2025\/10\/OurServices_Seller-300x300.webp 300w, https:\/\/greenrealtymexico.com\/wp-content\/uploads\/2025\/10\/OurServices_Seller-150x150.webp 150w, https:\/\/greenrealtymexico.com\/wp-content\/uploads\/2025\/10\/OurServices_Seller-768x768.webp 768w, https:\/\/greenrealtymexico.com\/wp-content\/uploads\/2025\/10\/OurServices_Seller-120x120.webp 120w, https:\/\/greenrealtymexico.com\/wp-content\/uploads\/2025\/10\/OurServices_Seller-45x45.webp 45w, https:\/\/greenrealtymexico.com\/wp-content\/uploads\/2025\/10\/OurServices_Seller-36x36.webp 36w, https:\/\/greenrealtymexico.com\/wp-content\/uploads\/2025\/10\/OurServices_Seller.webp 1200w\" sizes=\"(max-width: 1024px) 100vw, 1024px\" \/>\t\t\t\t\t\t\t\t\t\t\t\t\t\t\t<\/div>\n\t\t\t\t<\/div>\n\t\t\t\t\t<\/div>\n\t\t\t\t<\/div>\n\t\t<div class=\"elementor-element elementor-element-91a9800 e-flex e-con-boxed e-con e-parent\" data-id=\"91a9800\" data-element_type=\"container\" data-e-type=\"container\">\n\t\t\t\t\t<div class=\"e-con-inner\">\n\t\t<div class=\"elementor-element elementor-element-24496c6 e-con-full e-flex elementor-invisible e-con e-child\" data-id=\"24496c6\" data-element_type=\"container\" data-e-type=\"container\" data-settings=\"{&quot;animation&quot;:&quot;fadeInLeft&quot;}\">\n\t\t\t\t<div class=\"elementor-element elementor-element-ea78063 elementor-widget elementor-widget-image\" data-id=\"ea78063\" data-element_type=\"widget\" data-e-type=\"widget\" data-widget_type=\"image.default\">\n\t\t\t\t\t\t\t\t\t\t\t\t\t\t\t<img decoding=\"async\" width=\"1024\" height=\"1024\" src=\"https:\/\/greenrealtymexico.com\/wp-content\/uploads\/2025\/10\/OurServices_Buyers-1024x1024.webp\" class=\"attachment-large size-large wp-image-25532\" alt=\"\" srcset=\"https:\/\/greenrealtymexico.com\/wp-content\/uploads\/2025\/10\/OurServices_Buyers-1024x1024.webp 1024w, https:\/\/greenrealtymexico.com\/wp-content\/uploads\/2025\/10\/OurServices_Buyers-300x300.webp 300w, https:\/\/greenrealtymexico.com\/wp-content\/uploads\/2025\/10\/OurServices_Buyers-150x150.webp 150w, https:\/\/greenrealtymexico.com\/wp-content\/uploads\/2025\/10\/OurServices_Buyers-768x768.webp 768w, https:\/\/greenrealtymexico.com\/wp-content\/uploads\/2025\/10\/OurServices_Buyers-120x120.webp 120w, https:\/\/greenrealtymexico.com\/wp-content\/uploads\/2025\/10\/OurServices_Buyers-45x45.webp 45w, https:\/\/greenrealtymexico.com\/wp-content\/uploads\/2025\/10\/OurServices_Buyers-36x36.webp 36w, https:\/\/greenrealtymexico.com\/wp-content\/uploads\/2025\/10\/OurServices_Buyers.webp 1200w\" sizes=\"(max-width: 1024px) 100vw, 1024px\" \/>\t\t\t\t\t\t\t\t\t\t\t\t\t\t\t<\/div>\n\t\t\t\t<\/div>\n\t\t<div class=\"elementor-element elementor-element-8f4f57b e-con-full e-flex e-con e-child\" data-id=\"8f4f57b\" data-element_type=\"container\" data-e-type=\"container\">\n\t\t\t\t<div class=\"elementor-element elementor-element-ffe72db elementor-widget elementor-widget-heading\" data-id=\"ffe72db\" data-element_type=\"widget\" data-e-type=\"widget\" data-widget_type=\"heading.default\">\n\t\t\t\t\t<h2 class=\"elementor-heading-title elementor-size-default\">Para compradores<\/h2>\t\t\t\t<\/div>\n\t\t\t\t<div class=\"elementor-element elementor-element-430e081 elementor-widget elementor-widget-text-editor\" data-id=\"430e081\" data-element_type=\"widget\" data-e-type=\"widget\" data-widget_type=\"text-editor.default\">\n\t\t\t\t\t\t\t\t\t<ul><li><strong>B\u00fasqueda y selecci\u00f3n de propiedades:<\/strong> Nos tomamos el tiempo necesario para comprender sus necesidades y preferencias espec\u00edficas y, a continuaci\u00f3n, elaboramos una lista de propiedades que se ajustan a sus criterios.<\/li><li><strong>Visitas e inspecciones de propiedades:<\/strong> Organizamos y le acompa\u00f1amos en las visitas a las propiedades, proporcion\u00e1ndole informaci\u00f3n detallada y ayud\u00e1ndole a evaluar la idoneidad de cada una de ellas.<\/li><li><strong>Negociaci\u00f3n de ofertas y redacci\u00f3n de contratos:<\/strong> Le ayudamos a elaborar una oferta competitiva y a navegar por los entresijos del contrato de compraventa.<\/li><li><strong>Representaci\u00f3n del comprador:<\/strong> Actuamos como su abogado dedicado, trabajando exclusivamente en su mejor inter\u00e9s para encontrar la propiedad perfecta al precio y en las condiciones adecuadas. Estamos con usted en cada paso del camino.<\/li><li><strong>Apoyo a la diligencia debida:<\/strong> Le ayudamos a llevar a cabo una diligencia debida exhaustiva, que incluye b\u00fasquedas de t\u00edtulos, inspecciones de la propiedad y revisi\u00f3n de los documentos pertinentes.<\/li><li><strong>Lo m\u00e1s destacado de nuestro Servicio de Atenci\u00f3n al Comprador:<\/strong> Como su representante del comprador, le ofrecemos nuestra experiencia sin coste alguno para usted, garantiz\u00e1ndole una orientaci\u00f3n profesional para encontrar la propiedad perfecta que se adapte a sus necesidades.<\/li><\/ul>\t\t\t\t\t\t\t\t<\/div>\n\t\t\t\t<div class=\"elementor-element elementor-element-c29111b elementor-widget elementor-widget-heading\" data-id=\"c29111b\" data-element_type=\"widget\" data-e-type=\"widget\" data-widget_type=\"heading.default\">\n\t\t\t\t\t<h2 class=\"elementor-heading-title elementor-size-default\">Gu\u00eda de la propiedad de sus sue\u00f1os<\/h2>\t\t\t\t<\/div>\n\t\t\t\t<div class=\"elementor-element elementor-element-124af62 elementor-widget elementor-widget-text-editor\" data-id=\"124af62\" data-element_type=\"widget\" data-e-type=\"widget\" data-widget_type=\"text-editor.default\">\n\t\t\t\t\t\t\t\t\t<p>Descubra todo lo que necesita saber para adquirir la propiedad de sus sue\u00f1os<\/p>\t\t\t\t\t\t\t\t<\/div>\n\t\t\t\t<div class=\"elementor-element elementor-element-f257386 elementor-align-center elementor-widget elementor-widget-button\" data-id=\"f257386\" data-element_type=\"widget\" data-e-type=\"widget\" data-widget_type=\"button.default\">\n\t\t\t\t\t\t\t\t\t\t<a class=\"elementor-button elementor-button-link elementor-size-sm\" href=\"https:\/\/greenrealtymexico.com\/wp-content\/uploads\/2025\/10\/Dream_property_Guide_Spanish.pdf\" target=\"_blank\">\n\t\t\t\t\t\t<span class=\"elementor-button-content-wrapper\">\n\t\t\t\t\t\t\t\t\t<span class=\"elementor-button-text\">Gu\u00eda del comprador inteligente<\/span>\n\t\t\t\t\t<\/span>\n\t\t\t\t\t<\/a>\n\t\t\t\t\t\t\t\t<\/div>\n\t\t\t\t<\/div>\n\t\t\t\t\t<\/div>\n\t\t\t\t<\/div>\n\t\t<div class=\"elementor-element elementor-element-869ae85 e-flex e-con-boxed e-con e-parent\" data-id=\"869ae85\" data-element_type=\"container\" data-e-type=\"container\" data-settings=\"{&quot;background_background&quot;:&quot;classic&quot;}\">\n\t\t\t\t\t<div class=\"e-con-inner\">\n\t\t<div class=\"elementor-element elementor-element-d7e6818 e-con-full e-flex e-con e-child\" data-id=\"d7e6818\" data-element_type=\"container\" data-e-type=\"container\">\n\t\t\t\t<div class=\"elementor-element elementor-element-3d4f653 elementor-widget elementor-widget-heading\" data-id=\"3d4f653\" data-element_type=\"widget\" data-e-type=\"widget\" data-widget_type=\"heading.default\">\n\t\t\t\t\t<h2 class=\"elementor-heading-title elementor-size-default\">Diferenciadores clave del servicio:<\/h2>\t\t\t\t<\/div>\n\t\t\t\t<\/div>\n\t\t<div class=\"elementor-element elementor-element-2755bb8 e-con-full e-flex e-con e-child\" data-id=\"2755bb8\" data-element_type=\"container\" data-e-type=\"container\">\n\t\t\t\t<div class=\"elementor-element elementor-element-ba8d43c elementor-widget elementor-widget-text-editor\" data-id=\"ba8d43c\" data-element_type=\"widget\" data-e-type=\"widget\" data-widget_type=\"text-editor.default\">\n\t\t\t\t\t\t\t\t\t<ul><li><strong>Representaci\u00f3n dedicada:<\/strong><ul><li><strong>Representaci\u00f3n del comprador:<\/strong> Representamos exclusivamente a compradores, actuando como sus defensores a lo largo de todo el proceso de compra. Nos comprometemos a encontrar la propiedad perfecta al mejor precio y en las mejores condiciones posibles, garantizando la protecci\u00f3n de sus intereses en todo momento. Este servicio se ofrece sin coste alguno para usted.<\/li><li><strong>Representaci\u00f3n del vendedor:<\/strong> Proporcionamos una representaci\u00f3n integral a los vendedores, gui\u00e1ndoles a lo largo de todo el proceso de venta, desde la valoraci\u00f3n inicial hasta el cierre. Aprovechamos nuestra experiencia en el mercado y nuestras habilidades de negociaci\u00f3n para maximizar el valor de su propiedad y garantizar una transacci\u00f3n fluida y exitosa.<\/li><\/ul><\/li><li><strong>Fotograf\u00eda profesional:<\/strong> Somos conscientes de la importancia de la primera impresi\u00f3n. Nuestro servicio de fotograf\u00eda profesional garantiza que su propiedad se muestre en todo su esplendor, atrayendo a m\u00e1s compradores potenciales y maximizando su atractivo.<\/li><li><strong>Coordinaci\u00f3n del cierre (incluida):<\/strong> Nuestro dedicado coordinador de cierre gestiona todos los aspectos del proceso de cierre, garantizando una transacci\u00f3n fluida y eficiente tanto para compradores como para vendedores. Este inestimable servicio est\u00e1 incluido en nuestra comisi\u00f3n est\u00e1ndar sin coste adicional.<\/li><li><strong>Programa de referencia:<\/strong> Valoramos su confianza y apreciamos sus referencias. Nuestro programa de referencias le recompensa por presentarnos a nuevos clientes que compran o venden propiedades a trav\u00e9s de nuestra agencia.<\/li><\/ul>\t\t\t\t\t\t\t\t<\/div>\n\t\t\t\t<\/div>\n\t\t<div class=\"elementor-element elementor-element-0caac45 e-con-full e-flex e-con e-child\" data-id=\"0caac45\" data-element_type=\"container\" data-e-type=\"container\">\n\t\t\t\t<div class=\"elementor-element elementor-element-edb85e5 elementor-widget elementor-widget-heading\" data-id=\"edb85e5\" data-element_type=\"widget\" data-e-type=\"widget\" data-widget_type=\"heading.default\">\n\t\t\t\t\t<h2 class=\"elementor-heading-title elementor-size-default\">\u00bfListo para experimentar la diferencia de Green Realty M\u00e9xico?<\/h2>\t\t\t\t<\/div>\n\t\t\t\t<\/div>\n\t\t\t\t\t<\/div>\n\t\t\t\t<\/div>\n\t\t<div class=\"elementor-element elementor-element-adc7cbb e-flex e-con-boxed e-con e-parent\" data-id=\"adc7cbb\" data-element_type=\"container\" data-e-type=\"container\" data-settings=\"{&quot;background_background&quot;:&quot;gradient&quot;}\">\n\t\t\t\t\t<div class=\"e-con-inner\">\n\t\t<div class=\"elementor-element elementor-element-ce5fb1f e-flex e-con-boxed e-con e-child\" data-id=\"ce5fb1f\" data-element_type=\"container\" data-e-type=\"container\">\n\t\t\t\t\t<div class=\"e-con-inner\">\n\t\t<div class=\"elementor-element elementor-element-b14d906 e-con-full e-flex e-con e-child\" data-id=\"b14d906\" data-element_type=\"container\" data-e-type=\"container\">\n\t\t\t\t<div class=\"elementor-element elementor-element-ff3d990 elementor-widget elementor-widget-heading\" data-id=\"ff3d990\" data-element_type=\"widget\" data-e-type=\"widget\" data-widget_type=\"heading.default\">\n\t\t\t\t\t<h2 class=\"elementor-heading-title elementor-size-default\">Con\u00e9ctese con nosotros<\/h2>\t\t\t\t<\/div>\n\t\t\t\t<div class=\"elementor-element elementor-element-cc09361 elementor-widget elementor-widget-text-editor\" data-id=\"cc09361\" data-element_type=\"widget\" data-e-type=\"widget\" data-widget_type=\"text-editor.default\">\n\t\t\t\t\t\t\t\t\t<p>Se nos reconoce por superar las expectativas de los clientes y ofrecer grandes resultados.<\/p>\t\t\t\t\t\t\t\t<\/div>\n\t\t\t\t<div class=\"elementor-element elementor-element-23e3a6b elementor-button-align-start elementor-widget elementor-widget-WpResidence_Contact_Form_Builder\" data-id=\"23e3a6b\" data-element_type=\"widget\" data-e-type=\"widget\" data-widget_type=\"WpResidence_Contact_Form_Builder.default\">\n\t\t\t\t<div class=\"elementor-widget-container\">\n\t\t\t\t\t\n\n\n\n\n        <form class=\"elementor-form wpresidence_elementor_form wpestate_contact_form_parent\"  id=\"wpresidence-elementor-form-23e3a6b\" method=\"post\" action=\"\" >\n            <div class=\"alert-box error\">\n                <div class=\"alert-message\" id=\"alert-agent-contact\"><\/div>\n            <\/div>\n            <input name=\"prop_id\" type=\"hidden\"  id=\"agent_property_id\" value=\"\">\n            <input name=\"prop_id\" type=\"hidden\"  id=\"agent_id\" value=\"\">\n            <input name=\"prop_id\" type=\"hidden\"  id=\"contact_form_elementor\" value=\"1\">\n            <input type=\"hidden\" name=\"contact_ajax_nonce\" id=\"agent_property_ajax_nonce\"  value=\"0591ca4f39\" \/>\n\n            \n            \n            <input type=\"hidden\" id=\"wpresidence_form_id\" name=\"wpresidence_form_id\" value=\"wpresidence_form_9694\" \/>\n        \n            <input type=\"hidden\" id=\"elementor_email_subject\" name=\"email_suject\" value=\"New email from Green Realty Web site\" \/>\n\n\n            <div class=\"elementor-form-fields-wrapper elementor-labels-above\">\n        <div class=\"elementor-field-group elementor-column form-group elementor-field-group-name elementor-field-required elementor-col-50\"><label for=\"form-field-name\" class=\"elementor-field-label\">Nombre<\/label><input type=\"text\" name=\"first_name\" id=\"form-field-name\" class=\"elementor-field form-control elementor-size-xs elementor-field-textual\" required=\"required\"><\/div><div class=\"elementor-field-group elementor-column form-group elementor-field-group-aa45566 elementor-field-required elementor-col-50\"><label for=\"form-field-aa45566\" class=\"elementor-field-label\">Apellido*<\/label><input type=\"text\" name=\"last_name\" id=\"form-field-aa45566\" class=\"elementor-field form-control elementor-size-xs elementor-field-textual\" required=\"required\"><\/div><div class=\"elementor-field-group elementor-column form-group elementor-field-group-email elementor-field-required elementor-col-50\"><label for=\"form-field-email\" class=\"elementor-field-label\">Correo electr\u00f3nico<\/label><input type=\"email\" name=\"email\" id=\"form-field-email\" class=\"elementor-field form-control elementor-size-xs elementor-field-textual\" required=\"required\"><\/div><div class=\"elementor-field-group elementor-column form-group elementor-field-group-ecf7c11 elementor-field-required elementor-col-50\"><label for=\"form-field-ecf7c11\" class=\"elementor-field-label\">M\u00f3vil<\/label><input type=\"text\" name=\"mobile\" id=\"form-field-ecf7c11\" class=\"elementor-field form-control elementor-size-xs elementor-field-textual\" required=\"required\"><\/div><div class=\"elementor-field-group elementor-column form-group elementor-field-group-message elementor-col-100\"><label for=\"form-field-message\" class=\"elementor-field-label\">Mensaje<\/label><textarea class=\"form-control elementor-field-textual elementor-field elementor-size-xs\" name=\"message\" id=\"form-field-message\" rows=\"4\"><\/textarea><\/div>\n                <div class=\"elementor-field-group elementor-column elementor-field-type-submit elementor-col-50 elementor-md-100\">\n        <div class=\"gpr_wrapper\"><input type=\"checkbox\"  role=\"checkbox\" aria-checked=\"false\" id=\"wpestate_agree_gdpr\" class=\"wpestate_agree_gdpr\" name=\"wpestate_agree_gdpr\" \/>\n                    <label for=\"wpestate_agree_gdpr\"><a target=\"_blank\" href=\"https:\/\/greenrealtymexico.com\/es\/\">Acepto la pol\u00edtica de privacidad<\/a><\/label><\/div>\n\t\t\t\t\t\t\t\t\t\t\t\t                    <button type=\"submit\" class=\"agent_submit_class_elementor wpresidence_button wpresidence_button_elementor elementor-button elementor-size-md\">\n                    Enviar correo electr\u00f3nico                            <\/button>\n\n                <\/div>\n            <\/div>\n\n\n\n        <input type=\"hidden\" name=\"trp-form-language\" value=\"es\"\/><\/form>\n\n\n\n\n        \t\t\t\t<\/div>\n\t\t\t\t<\/div>\n\t\t\t\t<\/div>\n\t\t<div class=\"elementor-element elementor-element-5079d92 e-con-full e-flex elementor-invisible e-con e-child\" data-id=\"5079d92\" data-element_type=\"container\" data-e-type=\"container\" data-settings=\"{&quot;background_background&quot;:&quot;gradient&quot;,&quot;animation&quot;:&quot;fadeIn&quot;}\">\n\t\t\t\t<\/div>\n\t\t<div class=\"elementor-element elementor-element-1fd4460 e-con-full e-flex elementor-invisible e-con e-child\" data-id=\"1fd4460\" data-element_type=\"container\" data-e-type=\"container\" data-settings=\"{&quot;background_background&quot;:&quot;gradient&quot;,&quot;animation&quot;:&quot;fadeIn&quot;}\">\n\t\t\t\t<\/div>\n\t\t\t\t\t<\/div>\n\t\t\t\t<\/div>\n\t\t\t\t\t<\/div>\n\t\t\t\t<\/div>\n\t\t\t\t<\/div>","protected":false},"excerpt":{"rendered":"<p>Our Services Our Full-Spectrum Expertise Green Realty Mexico is a full-service real estate agency dedicated to providing exceptional support and expertise to both buyers and sellers in the entire bay Vallarta and Bahia de Banderas real estate market. We go above and beyond traditional agencies to ensure a smooth, successful, and stress-free transaction for every client. For Sellers Property Valuation &amp; Market Analysis: We &#8230;<\/p>","protected":false},"author":1,"featured_media":0,"parent":0,"menu_order":0,"comment_status":"closed","ping_status":"closed","template":"elementor_header_footer","meta":{"inline_featured_image":false,"footnotes":""},"class_list":["post-25522","page","type-page","status-publish","hentry"],"_links":{"self":[{"href":"https:\/\/greenrealtymexico.com\/es\/wp-json\/wp\/v2\/pages\/25522","targetHints":{"allow":["GET"]}}],"collection":[{"href":"https:\/\/greenrealtymexico.com\/es\/wp-json\/wp\/v2\/pages"}],"about":[{"href":"https:\/\/greenrealtymexico.com\/es\/wp-json\/wp\/v2\/types\/page"}],"author":[{"embeddable":true,"href":"https:\/\/greenrealtymexico.com\/es\/wp-json\/wp\/v2\/users\/1"}],"replies":[{"embeddable":true,"href":"https:\/\/greenrealtymexico.com\/es\/wp-json\/wp\/v2\/comments?post=25522"}],"version-history":[{"count":37,"href":"https:\/\/greenrealtymexico.com\/es\/wp-json\/wp\/v2\/pages\/25522\/revisions"}],"predecessor-version":[{"id":26318,"href":"https:\/\/greenrealtymexico.com\/es\/wp-json\/wp\/v2\/pages\/25522\/revisions\/26318"}],"wp:attachment":[{"href":"https:\/\/greenrealtymexico.com\/es\/wp-json\/wp\/v2\/media?parent=25522"}],"curies":[{"name":"wp","href":"https:\/\/api.w.org\/{rel}","templated":true}]}}