{"id":26257,"date":"2025-10-20T23:20:59","date_gmt":"2025-10-20T23:20:59","guid":{"rendered":"https:\/\/greenrealtymexico.com\/?page_id=26257"},"modified":"2025-10-20T23:50:16","modified_gmt":"2025-10-20T23:50:16","slug":"busqueda-mls","status":"publish","type":"page","link":"https:\/\/greenrealtymexico.com\/es\/mls-search\/","title":{"rendered":"B\u00fasqueda MLS"},"content":{"rendered":"<div data-elementor-type=\"wp-page\" data-elementor-id=\"26257\" class=\"elementor elementor-26257\">\n\t\t\t\t<div class=\"elementor-element elementor-element-5855923 e-flex e-con-boxed e-con e-parent\" data-id=\"5855923\" data-element_type=\"container\" data-e-type=\"container\" data-settings=\"{&quot;background_background&quot;:&quot;gradient&quot;}\">\n\t\t\t\t\t<div class=\"e-con-inner\">\n\t\t\t\t<div class=\"elementor-element elementor-element-79a8e59 elementor-widget elementor-widget-heading\" data-id=\"79a8e59\" data-element_type=\"widget\" data-e-type=\"widget\" data-widget_type=\"heading.default\">\n\t\t\t\t\t<h2 class=\"elementor-heading-title elementor-size-default\">B\u00fasqueda MLS<\/h2>\t\t\t\t<\/div>\n\t\t\t\t\t<\/div>\n\t\t\t\t<\/div>\n\t\t<div class=\"elementor-element elementor-element-4c31d90 e-flex e-con-boxed e-con e-parent\" data-id=\"4c31d90\" data-element_type=\"container\" data-e-type=\"container\" data-settings=\"{&quot;background_background&quot;:&quot;classic&quot;}\">\n\t\t\t\t\t<div class=\"e-con-inner\">\n\t\t<div class=\"elementor-element elementor-element-f96ad1d e-flex e-con-boxed e-con e-child\" data-id=\"f96ad1d\" data-element_type=\"container\" data-e-type=\"container\">\n\t\t\t\t\t<div class=\"e-con-inner\">\n\t\t\t\t<div class=\"elementor-element elementor-element-349f75d elementor-widget elementor-widget-heading\" data-id=\"349f75d\" data-element_type=\"widget\" data-e-type=\"widget\" data-widget_type=\"heading.default\">\n\t\t\t\t\t<h2 class=\"elementor-heading-title elementor-size-default\">B\u00fasqueda completa en el inventario MLS<\/h2>\t\t\t\t<\/div>\n\t\t\t\t<div class=\"elementor-element elementor-element-1dd203b elementor-widget elementor-widget-text-editor\" data-id=\"1dd203b\" data-element_type=\"widget\" data-e-type=\"widget\" data-widget_type=\"text-editor.default\">\n\t\t\t\t\t\t\t\t\t<p>Bienvenido a <b>Green Realty M\u00e9xico<\/b> portal de b\u00fasqueda del Servicio de Listado M\u00faltiple (MLS). Mientras que nuestra b\u00fasqueda principal de propiedades ofrece listados personalizados y destacados, esta p\u00e1gina le ofrece acceso directo a la lista de propiedades m\u00e1s importantes del mercado. <b>inventario completo y vivo<\/b> de la MLS local de Vallarta-Nayarit, impulsada por nuestra plataforma de confianza, Flexmls. Si usted no pudo encontrar su propiedad ideal en nuestra b\u00fasqueda est\u00e1ndar, esta es la herramienta m\u00e1s completa disponible para ampliar su selecci\u00f3n y aplicar filtros avanzados. Le animamos a utilizar este potente formulario para explorar todos los listados activos en la regi\u00f3n, asegurando que nunca se pierda una oportunidad.<\/p>\t\t\t\t\t\t\t\t<\/div>\n\t\t\t\t\t<\/div>\n\t\t\t\t<\/div>\n\t\t<div class=\"elementor-element elementor-element-86bc809 e-con-full e-flex e-con e-child\" data-id=\"86bc809\" data-element_type=\"container\" data-e-type=\"container\">\n\t\t\t\t<div class=\"elementor-element elementor-element-e371f4c elementor-widget elementor-widget-fmc-widget-fmcsearch\" data-id=\"e371f4c\" data-element_type=\"widget\" data-e-type=\"widget\" data-widget_type=\"fmc-widget-fmcsearch.default\">\n\t\t\t\t<div class=\"elementor-widget-container\">\n\t\t\t\t\t\n\n<div class=\"flexmls_connect__search flexmls_connect__search_new  flexmls_connect__search_new_horizontal flexmls_connect__search_new_shadow\"\n  style=\"    color: #000000;    max-width: 610px;    font-family: Arial, sans-serif;        background-color: #ffffff;  \">\n\n      <form action=\"https:\/\/greenrealtymexico.com\/es\/idx\/busque-en\/\" method='get'\n       role=\"search\" aria-label=\"Property search form\" data-trp-original-action=\"https:\/\/greenrealtymexico.com\/es\/idx\/search\/\">\n  \n        <div class='flexmls_connect__search_new_title' style=\"color: #000000;      font-family: Arial, sans-serif;\">\n          <\/div>\n\n            \n          <div class='flexmls_connect__search_field'>\n        <label for=\"location-search-1278223744\">Ubicaci\u00f3n<\/label>\n        <select class=\"flexmlsLocationSearch\" id=\"location-search-1278223744\" data-portal-slug=\"greenrealtymexico\" multiple=\"true\" aria-describedby=\"location-help-1278223744\" data-select2-accessible=\"true\">\n                  <\/select>\n        <div id=\"location-help-1278223744\" class=\"sr-only\">Select one or more locations to search for properties<\/div>\n      <\/div>\n    \n    \n      <div class='flexmls_connect__search_new_min_max flexmls_connect__search_new_field_group'>\n\n        \n    <div class='flexmls_connect__search_field' data-connect-type='number'\n      data-connect-field='Beds'>\n\n      <label class='flexmls_connect__search_new_label' for='567264672-MinBeds'>\n        Dormitorios      <\/label>\n\n      <div class=\"flexmls_connect__min_max_wrapper\">\n        <input type='text' class='text' value=\"\" name=\"MinBeds\"\n          id=\"567264672-MinBeds\" data-connect-default=\"Min\"\n          aria-label=\"Minimum bedrooms\" placeholder=\"Min\"\n           \/>\n\n        <span class='flexmls_connect__search_new_to' aria-hidden=\"true\">a<\/span>\n\n        <input type='text' class='text' value=\"\" name=\"MaxBeds\"\n          id=\"567264672-MaxBeds\" data-connect-default=\"Max\"\n          aria-label=\"Maximum bedrooms\" placeholder=\"Max\"\n           \/>\n      <\/div>\n\n    <\/div>\n\n    \n    <div class='flexmls_connect__search_field' data-connect-type='number'\n      data-connect-field='Baths'>\n\n      <label class='flexmls_connect__search_new_label' for='266857719-MinBaths'>\n        Ba\u00f1os      <\/label>\n\n      <div class=\"flexmls_connect__min_max_wrapper\">\n        <input type='text' class='text' value=\"\" name=\"MinBaths\"\n          id=\"266857719-MinBaths\" data-connect-default=\"Min\"\n          aria-label=\"Minimum bathrooms\" placeholder=\"Min\"\n           \/>\n\n        <span class='flexmls_connect__search_new_to' aria-hidden=\"true\">a<\/span>\n\n        <input type='text' class='text' value=\"\" name=\"MaxBaths\"\n          id=\"266857719-MaxBaths\" data-connect-default=\"Max\"\n          aria-label=\"Maximum bathrooms\" placeholder=\"Max\"\n           \/>\n      <\/div>\n\n    <\/div>\n\n    \n    <div class='flexmls_connect__search_field' data-connect-type='number'\n      data-connect-field='Price'>\n\n      <label class='flexmls_connect__search_new_label' for='876646208-MinPrice'>\n        Precios      <\/label>\n\n      <div class=\"flexmls_connect__min_max_wrapper\">\n        <input type='text' class='text' value=\"\" name=\"MinPrice\"\n          id=\"876646208-MinPrice\" data-connect-default=\"Min\"\n          aria-label=\"Minimum price range\" placeholder=\"Min\"\n          onchange=\"this.value =  this.value.replace(\/,\/g,'').replace(\/\\$\/g,'')\" \/>\n\n        <span class='flexmls_connect__search_new_to' aria-hidden=\"true\">a<\/span>\n\n        <input type='text' class='text' value=\"\" name=\"MaxPrice\"\n          id=\"876646208-MaxPrice\" data-connect-default=\"Max\"\n          aria-label=\"Maximum price range\" placeholder=\"Max\"\n          onchange=\"this.value =  this.value.replace(\/,\/g,'').replace(\/\\$\/g,'')\" \/>\n      <\/div>\n\n    <\/div>\n\n          <\/div>\n    \n\n    \n  <fieldset class='flexmls_connect__search_field flexmls_connect__search_new_property_type    flexmls_connect__search_new_field_group'>\n\n    <legend class='flexmls_connect__search_new_label'>Tipo de propiedad<\/legend>\n\n                <div class=\"flexmls_connect__checkbox_wrapper\">\n          <input type='checkbox' name='PropertyType[]' value='A'\n            class='flexmls_connect__search_new_checkboxes' id=\"property-type-A-1278223744\"  >\n          <label for=\"property-type-A-1278223744\">Condominios<\/label>\n        <\/div>\n            <div class=\"flexmls_connect__checkbox_wrapper\">\n          <input type='checkbox' name='PropertyType[]' value='B'\n            class='flexmls_connect__search_new_checkboxes' id=\"property-type-B-1278223744\"  >\n          <label for=\"property-type-B-1278223744\">Casas<\/label>\n        <\/div>\n            <div class=\"flexmls_connect__checkbox_wrapper\">\n          <input type='checkbox' name='PropertyType[]' value='E'\n            class='flexmls_connect__search_new_checkboxes' id=\"property-type-E-1278223744\"  >\n          <label for=\"property-type-E-1278223744\">Terreno<\/label>\n        <\/div>\n            <div class=\"flexmls_connect__checkbox_wrapper\">\n          <input type='checkbox' name='PropertyType[]' value='F'\n            class='flexmls_connect__search_new_checkboxes' id=\"property-type-F-1278223744\"  >\n          <label for=\"property-type-F-1278223744\">Comercial<\/label>\n        <\/div>\n    \n\n    \n      <\/fieldset>\n\n    \n      <div class='flexmls_connect__search_field flexmls_connect__search_new_sort_by        flexmls_connect__search_new_field_group'>\n        <label for=\"sort-by-1278223744\">Ordenar por<\/label>\n        <select name='OrderBy' id=\"sort-by-1278223744\" size='1'>\n          <option value='-ListPrice'>Precio de cat\u00e1logo (de mayor a menor)<\/option>\n          <option value='ListPrice'>Precio de cat\u00e1logo (de menor a mayor)<\/option>\n          <option value='-BedsTotal'># Dormitorios<\/option>\n          <option value='-BathsTotal'># Ba\u00f1os<\/option>\n          <option value='-YearBuilt'>A\u00f1o de construcci\u00f3n<\/option>\n          <option value='-BuildingAreaTotal'>Metros cuadrados<\/option>\n          <option value='-ModificationTimestamp'>Actualizado recientemente<\/option>\n        <\/select>\n      <\/div>\n    \n    \n    <input type='hidden' name='SavedSearch' class='flexmls_connect__link          flexmls_connect__search_new_submit' value='20210524194820452295000000' \/><input type='hidden' name='Limit' value='10'><div style='visibility:hidden;' class='query' ><\/div><div class='flexmls_connect__search_new_links'><input class='flexmls_connect__search_new_submit' type='submit' value='Buscar en' style='background:#465E4B !important; color: #ffffff !important;text-shadow: 0 1px 1px #eee !important;box-shadow: 0 1px 1px #111 !important; -webkit-box-shadow: 0 1px 1px #111 !important; -moz-box-shadow: 0 1px 1px #111 !important;background: -moz-linear-gradient(to top, #6b7e6f 0%, #7e8e81 50%, #3c5441 51%, #28402d 100%) !important;background: -webkit-gradient(linear, left top, left bottom, color-stop(0%,#6b7e6f), color-stop(50%,#7e8e81), color-stop(51%,#3c5441), color-stop(100%,#28402d)) !important;background: -webkit-linear-gradient(to top, #6b7e6f 0%,#7e8e81 50%,#3c5441 51%,#28402d 100%) !important;background: -o-linear-gradient(to top, #6b7e6f 0%,#7e8e81 50%,#3c5441 51%,#28402d 100%) !important;background: -ms-linear-gradient(to top, #6b7e6f 0%,#7e8e81 50%,#3c5441 51%,#28402d 100%) !important;background: linear-gradient(to top, #6b7e6f 0%,#7e8e81 50%,#3c5441 51%,#28402d 100%) !important;' \/><a href='https:\/\/greenrealtymexico.com\/es\/search\/?url=https%3A%2F%2Flink.flexmls.com%2F1lkwljyhnxy9%2C12' style='color:#000000;'>M\u00e1s opciones de b\u00fasqueda<\/a><\/div>\n  <input type=\"hidden\" name=\"trp-form-language\" value=\"es\"\/><\/form>\n<\/div>\n\n\t\t\t\t<\/div>\n\t\t\t\t<\/div>\n\t\t\t\t<\/div>\n\t\t\t\t\t<\/div>\n\t\t\t\t<\/div>\n\t\t\t\t<\/div>","protected":false},"excerpt":{"rendered":"<p>MLS Search Full MLS Inventory Search Welcome to Green Realty Mexico\u2019s dedicated Multiple Listing Service (MLS) search portal. While our main property search provides tailored, featured listings, this page grants you direct access to the entire, live inventory of the local Vallarta-Nayarit MLS, powered by our trusted platform, Flexmls. If you couldn\u2019t find your ideal property in our standard search, this is the most &#8230;<\/p>","protected":false},"author":1,"featured_media":0,"parent":0,"menu_order":0,"comment_status":"closed","ping_status":"closed","template":"elementor_header_footer","meta":{"inline_featured_image":false,"footnotes":""},"class_list":["post-26257","page","type-page","status-publish","hentry"],"_links":{"self":[{"href":"https:\/\/greenrealtymexico.com\/es\/wp-json\/wp\/v2\/pages\/26257","targetHints":{"allow":["GET"]}}],"collection":[{"href":"https:\/\/greenrealtymexico.com\/es\/wp-json\/wp\/v2\/pages"}],"about":[{"href":"https:\/\/greenrealtymexico.com\/es\/wp-json\/wp\/v2\/types\/page"}],"author":[{"embeddable":true,"href":"https:\/\/greenrealtymexico.com\/es\/wp-json\/wp\/v2\/users\/1"}],"replies":[{"embeddable":true,"href":"https:\/\/greenrealtymexico.com\/es\/wp-json\/wp\/v2\/comments?post=26257"}],"version-history":[{"count":7,"href":"https:\/\/greenrealtymexico.com\/es\/wp-json\/wp\/v2\/pages\/26257\/revisions"}],"predecessor-version":[{"id":26277,"href":"https:\/\/greenrealtymexico.com\/es\/wp-json\/wp\/v2\/pages\/26257\/revisions\/26277"}],"wp:attachment":[{"href":"https:\/\/greenrealtymexico.com\/es\/wp-json\/wp\/v2\/media?parent=26257"}],"curies":[{"name":"wp","href":"https:\/\/api.w.org\/{rel}","templated":true}]}}